
{"id":3,"date":"2023-12-18T16:09:05","date_gmt":"2023-12-18T16:09:05","guid":{"rendered":"https:\/\/premierpadelrotterdam.com\/?page_id=3"},"modified":"2025-03-14T14:13:10","modified_gmt":"2025-03-14T13:13:10","slug":"politica-de-privacidad","status":"publish","type":"page","link":"https:\/\/premierpadelrotterdam.com\/es\/politica-de-privacidad\/","title":{"rendered":"Pol\u00edtica de privacidad"},"content":{"rendered":"<ol>\n<li style=\"text-align: left;\"><strong>General<\/strong><\/li>\n<\/ol>\n<p style=\"text-align: left;\">Este sitio web pertenece a Tribe Group B.V., Burgemeester Stramanweg 97c, 1191EA Ouderkerk a\/d Amstel (en lo sucesivo, \"Tribe\").<\/p>\n<p style=\"text-align: left;\">Tribe considera de gran importancia la protecci\u00f3n de la privacidad. Por ello, los datos personales se tratan y protegen con el m\u00e1ximo cuidado. Los datos personales son datos que pueden utilizarse para identificar a una persona o que pueden vincularse a una persona. Al hacerlo, Tribe cumple la Ley de Protecci\u00f3n de Datos Personales y otras leyes y reglamentos aplicables. En esta Declaraci\u00f3n de Privacidad, le informamos sobre c\u00f3mo procesamos los datos personales, con qu\u00e9 fines lo hacemos y c\u00f3mo puede ejercer sus derechos de privacidad.<\/p>\n<p style=\"text-align: left;\">Esta Declaraci\u00f3n de Privacidad se aplica a todos los productos, servicios y actividades de las empresas del grupo y a los nombres comerciales de Tribe Group B.V. (incluidos, entre otros, todos los sitios web y aplicaciones). Las empresas del grupo pueden intercambiar datos personales. Tribe Group B.V. incluye, entre otras, las siguientes marcas o nombres comerciales: Tribe Company B.V., Tribe Owned Events B.V., Tribe Brands B.V., Tribe Sports B.V., Tribe Sports Services &amp; Projects B.V., Tribe Football Camps B.V., Tribe Padel B.V., Tribe Corporate Foundation, 360 Events B.V., The Streamers B.V., Waves B.V., Zand B.V.<\/p>\n<ol style=\"text-align: left;\" start=\"2\">\n<li><strong>P\u00f3ngase en contacto con<\/strong><\/li>\n<\/ol>\n<p style=\"text-align: left;\">Si tiene preguntas sobre la Declaraci\u00f3n de privacidad o el uso de datos personales, siempre puede ponerse en contacto con nosotros por correo electr\u00f3nico:\u00a0<a href=\"mailto:info@tribecompany.com\">info@tribecompany.com<\/a>.<\/p>\n<ol style=\"text-align: left;\" start=\"3\">\n<li><strong>Tipo de datos<\/strong><\/li>\n<\/ol>\n<p style=\"text-align: left;\"><u>Datos que nos facilita<\/u><\/p>\n<p style=\"text-align: left;\">Tribe procesa los datos que usted le proporciona. Estos datos pueden incluir, entre otros: Nombre, direcci\u00f3n, direcci\u00f3n de correo electr\u00f3nico, lugar de residencia, sexo, fecha de nacimiento, n\u00famero de tel\u00e9fono, datos financieros (a efectos de cualquier pago) y datos que demuestren que alg\u00fan tema le interesa.<\/p>\n<p style=\"text-align: left;\"><u>Responsabilidad de la exactitud de los datos<\/u><\/p>\n<p style=\"text-align: left;\">Cuando usted facilita datos personales a Tribe, es responsable de su exactitud y de mantenerlos actualizados. Salvo dolo o negligencia grave, Tribe no ser\u00e1 responsable de las inexactitudes o consecuencias de las actividades emprendidas sobre la base de informaci\u00f3n incorrecta o incompleta facilitada por usted.<\/p>\n<ol style=\"text-align: left;\" start=\"4\">\n<li><strong>Finalidad del tratamiento<\/strong><\/li>\n<\/ol>\n<p style=\"text-align: left;\">Tribe recopila, procesa y vincula datos personales para los siguientes fines:<\/p>\n<p style=\"text-align: left;\">1) La formaci\u00f3n y ejecuci\u00f3n del acuerdo o acuerdos celebrados, en cuanto a:<\/p>\n<ol style=\"text-align: left;\">\n<li>(a) comprar un (e-)billete;<\/li>\n<li>(b) facturaci\u00f3n y liquidaci\u00f3n financiera de las compras;<\/li>\n<li>(c) env\u00edo de mensajes de servicio con informaci\u00f3n sobre, por ejemplo, eventos, horarios, transporte, etc.<\/li>\n<\/ol>\n<p style=\"text-align: left;\">2) La buena gesti\u00f3n, en cuanto a;<\/p>\n<ul style=\"text-align: left;\">\n<li>a ) llevar a cabo actividades promocionales como, por ejemplo, enviar boletines, mostrar y enviar ofertas y utilizar los canales de las redes sociales. Si no desea seguir recibiendo mensajes promocionales de Tribe, puede darse de baja aqu\u00ed:\u00a0<a href=\"mailto:info@tribecompany.com\">info@tribecompany.com<\/a>.<\/li>\n<\/ul>\n<ol style=\"text-align: left;\">\n<li>b) facilitar sus datos (como: nombre, direcci\u00f3n, direcci\u00f3n de correo electr\u00f3nico, lugar de residencia, etc.) a los socios de Tribe para actividades promocionales de dichos socios,\u00a0<u>como<\/u>\u00a0usted lo ha aceptado expl\u00edcitamente en el proceso de pedido correspondiente. Para obtener m\u00e1s informaci\u00f3n sobre el tratamiento de datos personales por parte de los socios de Tribe, consulte siempre la declaraci\u00f3n de privacidad de dichos socios.<\/li>\n<li>(c) el cumplimiento de las leyes y reglamentos que nos sean aplicables. En casos especiales, Tribe pondr\u00e1 sus datos personales a disposici\u00f3n de terceros en caso de, por ejemplo, reclamaciones de autoridades como la polic\u00eda y la judicatura, citaciones u \u00f3rdenes judiciales;<\/li>\n<li>(d) para la resoluci\u00f3n de litigios y la realizaci\u00f3n de (auditor\u00edas);<\/li>\n<li>(e) la lucha contra el fraude y la protecci\u00f3n de los intereses comerciales de la Tribu;<\/li>\n<\/ol>\n<p style=\"text-align: left;\">Tribe conserva los datos personales durante el tiempo necesario para los fines mencionados anteriormente o para cumplir las obligaciones legales (de conservaci\u00f3n).<\/p>\n<ol style=\"text-align: left;\" start=\"5\">\n<li><strong>Servicios de terceros<\/strong><\/li>\n<\/ol>\n<p style=\"text-align: left;\">En el desempe\u00f1o de sus actividades, Tribe utiliza los servicios de otras partes en virtud de los cuales esas otras partes le env\u00edan (e-)billetes, por ejemplo, en nombre de Tribe. Sus datos solo se utilizar\u00e1n para la ejecuci\u00f3n del encargo de Tribe y estas partes no tienen derecho a utilizar sus datos para sus propios fines.<\/p>\n<ol style=\"text-align: left;\" start=\"6\">\n<li><strong>Derecho de acceso, rectificaci\u00f3n y supresi\u00f3n<\/strong><\/li>\n<\/ol>\n<p style=\"text-align: left;\">A Tribe le gusta mantener sus datos actualizados. Si desea saber si los datos personales que tenemos sobre usted son correctos, o si desea saber qu\u00e9 datos personales procesa Tribe sobre usted, puede solicitarnos una visi\u00f3n general. Tambi\u00e9n puede solicitar la modificaci\u00f3n o supresi\u00f3n de determinados datos. Las solicitudes de informaci\u00f3n general o de supresi\u00f3n de datos pueden dirigirse a\u00a0<a href=\"mailto:info@tribecompany.com\">info@tribecompany.com<\/a>. Tenga en cuenta que Tribe tambi\u00e9n puede pedirle que env\u00ede una copia de un documento de identidad v\u00e1lido para establecer correctamente su identidad.<\/p>\n<ol style=\"text-align: left;\" start=\"7\">\n<li><strong>Derecho de oposici\u00f3n<\/strong><\/li>\n<\/ol>\n<p style=\"text-align: left;\">Tiene derecho a oponerse al uso de sus datos personales con fines de marketing. Si indica que ya no desea que nos pongamos en contacto con usted (por un medio determinado), puede comunic\u00e1rselo a Tribe a trav\u00e9s de\u00a0<a href=\"mailto:info@tribecompany.com\">info@tribecompany.com<\/a>. Indique claramente en su mensaje que se trata de su derecho de oposici\u00f3n.<\/p>\n<p style=\"text-align: left;\">Tambi\u00e9n puede retirar su consentimiento para el env\u00edo de boletines digitales o de informaci\u00f3n por correo electr\u00f3nico sobre los productos y servicios de Tribe en cualquier momento, a trav\u00e9s de los mismos medios mencionados anteriormente o mediante la opci\u00f3n de cancelaci\u00f3n de la suscripci\u00f3n que figura al final de dichos mensajes de correo electr\u00f3nico. Tribe dejar\u00e1 de utilizar sus datos para los fines a los que usted se opone lo antes posible tras recibir la solicitud.<\/p>\n<ol style=\"text-align: left;\" start=\"8\">\n<li><strong>Modificaci\u00f3n de la declaraci\u00f3n de confidencialidad<\/strong><\/li>\n<\/ol>\n<p style=\"text-align: left;\">Tribe se reserva el derecho a realizar cambios en esta Declaraci\u00f3n de Privacidad. Se recomienda consultar esta Declaraci\u00f3n de Privacidad con regularidad para estar al corriente de estos cambios.<\/p>\n<p style=\"text-align: left;\"><em>Esta Declaraci\u00f3n de Privacidad fue modificada por \u00faltima vez el 1 de febrero de 2024<\/em><\/p>","protected":false},"excerpt":{"rendered":"<p>Generalidades Este sitio web pertenece a Tribe Group B.V., Burgemeester Stramanweg 97c, 1191EA Ouderkerk a\/d Amstel (en lo sucesivo, \"Tribe\"). Tribe considera de gran importancia la protecci\u00f3n de la privacidad. Por ello, los datos personales se tratan y protegen con el m\u00e1ximo cuidado. Los datos personales son datos que pueden utilizarse para identificar a una persona o que pueden vincularse a una persona. ... <a href=\"https:\/\/premierpadelrotterdam.com\/es\/politica-de-privacidad\/\">Contin\u00faa en<\/a><\/p>","protected":false},"author":1,"featured_media":0,"parent":0,"menu_order":0,"comment_status":"closed","ping_status":"open","template":"template-home.blade.php","meta":{"_acf_changed":false,"footnotes":""},"class_list":["post-3","page","type-page","status-publish","hentry"],"acf":[],"yoast_head":"<!-- This site is optimized with the Yoast SEO plugin v23.9 - https:\/\/yoast.com\/wordpress\/plugins\/seo\/ -->\n<title>Privacybeleid - CUPRA Rotterdam Premier Padel<\/title>\n<meta name=\"robots\" content=\"index, follow, max-snippet:-1, max-image-preview:large, max-video-preview:-1\" \/>\n<link rel=\"canonical\" href=\"https:\/\/premierpadelrotterdam.com\/es\/politica-de-privacidad\/\" \/>\n<meta property=\"og:locale\" content=\"es_ES\" \/>\n<meta property=\"og:type\" content=\"article\" \/>\n<meta property=\"og:title\" content=\"Privacybeleid - CUPRA Rotterdam Premier Padel\" \/>\n<meta property=\"og:description\" content=\"Algemeen Deze website is van Tribe Group B.V., Burgemeester Stramanweg 97c, 1191EA Ouderkerk a\/d Amstel (hierna te noemen: \u2018Tribe). Tribe acht privacybescherming van groot belang. Persoonsgegevens worden daarom met de grootste zorgvuldigheid behandeld en beveiligd. Persoonsgegevens zijn gegevens die gebruikt kunnen worden om een individu te identificeren of die aan een individu kunnen worden gekoppeld. &hellip; Continued\" \/>\n<meta property=\"og:url\" content=\"https:\/\/premierpadelrotterdam.com\/es\/politica-de-privacidad\/\" \/>\n<meta property=\"og:site_name\" content=\"CUPRA Rotterdam Premier Padel\" \/>\n<meta property=\"article:modified_time\" content=\"2025-03-14T13:13:10+00:00\" \/>\n<meta name=\"twitter:card\" content=\"summary_large_image\" \/>\n<meta name=\"twitter:label1\" content=\"Est. reading time\" \/>\n\t<meta name=\"twitter:data1\" content=\"5 minutos\" \/>\n<script type=\"application\/ld+json\" class=\"yoast-schema-graph\">{\"@context\":\"https:\/\/schema.org\",\"@graph\":[{\"@type\":\"WebPage\",\"@id\":\"https:\/\/premierpadelrotterdam.com\/privacybeleid\/\",\"url\":\"https:\/\/premierpadelrotterdam.com\/privacybeleid\/\",\"name\":\"Privacybeleid - CUPRA Rotterdam Premier Padel\",\"isPartOf\":{\"@id\":\"https:\/\/premierpadelrotterdam.com\/#website\"},\"datePublished\":\"2023-12-18T16:09:05+00:00\",\"dateModified\":\"2025-03-14T13:13:10+00:00\",\"breadcrumb\":{\"@id\":\"https:\/\/premierpadelrotterdam.com\/privacybeleid\/#breadcrumb\"},\"inLanguage\":\"es\",\"potentialAction\":[{\"@type\":\"ReadAction\",\"target\":[\"https:\/\/premierpadelrotterdam.com\/privacybeleid\/\"]}]},{\"@type\":\"BreadcrumbList\",\"@id\":\"https:\/\/premierpadelrotterdam.com\/privacybeleid\/#breadcrumb\",\"itemListElement\":[{\"@type\":\"ListItem\",\"position\":1,\"name\":\"Home\",\"item\":\"https:\/\/premierpadelrotterdam.com\/\"},{\"@type\":\"ListItem\",\"position\":2,\"name\":\"Privacybeleid\"}]},{\"@type\":\"WebSite\",\"@id\":\"https:\/\/premierpadelrotterdam.com\/#website\",\"url\":\"https:\/\/premierpadelrotterdam.com\/\",\"name\":\"Premier Padel Rotterdam\",\"description\":\"\",\"publisher\":{\"@id\":\"https:\/\/premierpadelrotterdam.com\/#organization\"},\"potentialAction\":[{\"@type\":\"SearchAction\",\"target\":{\"@type\":\"EntryPoint\",\"urlTemplate\":\"https:\/\/premierpadelrotterdam.com\/?s={search_term_string}\"},\"query-input\":{\"@type\":\"PropertyValueSpecification\",\"valueRequired\":true,\"valueName\":\"search_term_string\"}}],\"inLanguage\":\"es\"},{\"@type\":\"Organization\",\"@id\":\"https:\/\/premierpadelrotterdam.com\/#organization\",\"name\":\"Decathlon Premier Padel Rotterdam\",\"url\":\"https:\/\/premierpadelrotterdam.com\/\",\"logo\":{\"@type\":\"ImageObject\",\"inLanguage\":\"es\",\"@id\":\"https:\/\/premierpadelrotterdam.com\/#\/schema\/logo\/image\/\",\"url\":\"https:\/\/premierpadelrotterdam.com\/app\/uploads\/black.png\",\"contentUrl\":\"https:\/\/premierpadelrotterdam.com\/app\/uploads\/black.png\",\"width\":321,\"height\":66,\"caption\":\"Decathlon Premier Padel Rotterdam\"},\"image\":{\"@id\":\"https:\/\/premierpadelrotterdam.com\/#\/schema\/logo\/image\/\"}}]}<\/script>\n<!-- \/ Yoast SEO plugin. -->","yoast_head_json":{"title":"Pol\u00edtica de privacidad - CUPRA Rotterdam Premier Padel","robots":{"index":"index","follow":"follow","max-snippet":"max-snippet:-1","max-image-preview":"max-image-preview:large","max-video-preview":"max-video-preview:-1"},"canonical":"https:\/\/premierpadelrotterdam.com\/es\/politica-de-privacidad\/","og_locale":"es_ES","og_type":"article","og_title":"Privacybeleid - CUPRA Rotterdam Premier Padel","og_description":"Algemeen Deze website is van Tribe Group B.V., Burgemeester Stramanweg 97c, 1191EA Ouderkerk a\/d Amstel (hierna te noemen: \u2018Tribe). Tribe acht privacybescherming van groot belang. Persoonsgegevens worden daarom met de grootste zorgvuldigheid behandeld en beveiligd. Persoonsgegevens zijn gegevens die gebruikt kunnen worden om een individu te identificeren of die aan een individu kunnen worden gekoppeld. &hellip; Continued","og_url":"https:\/\/premierpadelrotterdam.com\/es\/politica-de-privacidad\/","og_site_name":"CUPRA Rotterdam Premier Padel","article_modified_time":"2025-03-14T13:13:10+00:00","twitter_card":"summary_large_image","twitter_misc":{"Est. reading time":"5 minutos"},"schema":{"@context":"https:\/\/schema.org","@graph":[{"@type":"WebPage","@id":"https:\/\/premierpadelrotterdam.com\/privacybeleid\/","url":"https:\/\/premierpadelrotterdam.com\/privacybeleid\/","name":"Pol\u00edtica de privacidad - CUPRA Rotterdam Premier Padel","isPartOf":{"@id":"https:\/\/premierpadelrotterdam.com\/#website"},"datePublished":"2023-12-18T16:09:05+00:00","dateModified":"2025-03-14T13:13:10+00:00","breadcrumb":{"@id":"https:\/\/premierpadelrotterdam.com\/privacybeleid\/#breadcrumb"},"inLanguage":"es","potentialAction":[{"@type":"ReadAction","target":["https:\/\/premierpadelrotterdam.com\/privacybeleid\/"]}]},{"@type":"BreadcrumbList","@id":"https:\/\/premierpadelrotterdam.com\/privacybeleid\/#breadcrumb","itemListElement":[{"@type":"ListItem","position":1,"name":"Home","item":"https:\/\/premierpadelrotterdam.com\/"},{"@type":"ListItem","position":2,"name":"Privacybeleid"}]},{"@type":"WebSite","@id":"https:\/\/premierpadelrotterdam.com\/#website","url":"https:\/\/premierpadelrotterdam.com\/","name":"Premier Padel Rotterdam","description":"","publisher":{"@id":"https:\/\/premierpadelrotterdam.com\/#organization"},"potentialAction":[{"@type":"SearchAction","target":{"@type":"EntryPoint","urlTemplate":"https:\/\/premierpadelrotterdam.com\/?s={search_term_string}"},"query-input":{"@type":"PropertyValueSpecification","valueRequired":true,"valueName":"search_term_string"}}],"inLanguage":"es"},{"@type":"Organization","@id":"https:\/\/premierpadelrotterdam.com\/#organization","name":"Decathlon Premier Padel Rotterdam","url":"https:\/\/premierpadelrotterdam.com\/","logo":{"@type":"ImageObject","inLanguage":"es","@id":"https:\/\/premierpadelrotterdam.com\/#\/schema\/logo\/image\/","url":"https:\/\/premierpadelrotterdam.com\/app\/uploads\/black.png","contentUrl":"https:\/\/premierpadelrotterdam.com\/app\/uploads\/black.png","width":321,"height":66,"caption":"Decathlon Premier Padel Rotterdam"},"image":{"@id":"https:\/\/premierpadelrotterdam.com\/#\/schema\/logo\/image\/"}}]}},"_links":{"self":[{"href":"https:\/\/premierpadelrotterdam.com\/es\/wp-json\/wp\/v2\/pages\/3","targetHints":{"allow":["GET"]}}],"collection":[{"href":"https:\/\/premierpadelrotterdam.com\/es\/wp-json\/wp\/v2\/pages"}],"about":[{"href":"https:\/\/premierpadelrotterdam.com\/es\/wp-json\/wp\/v2\/types\/page"}],"author":[{"embeddable":true,"href":"https:\/\/premierpadelrotterdam.com\/es\/wp-json\/wp\/v2\/users\/1"}],"replies":[{"embeddable":true,"href":"https:\/\/premierpadelrotterdam.com\/es\/wp-json\/wp\/v2\/comments?post=3"}],"version-history":[{"count":30,"href":"https:\/\/premierpadelrotterdam.com\/es\/wp-json\/wp\/v2\/pages\/3\/revisions"}],"predecessor-version":[{"id":1432,"href":"https:\/\/premierpadelrotterdam.com\/es\/wp-json\/wp\/v2\/pages\/3\/revisions\/1432"}],"wp:attachment":[{"href":"https:\/\/premierpadelrotterdam.com\/es\/wp-json\/wp\/v2\/media?parent=3"}],"curies":[{"name":"wp","href":"https:\/\/api.w.org\/{rel}","templated":true}]}}